{"id":3398,"date":"2025-09-04T11:58:08","date_gmt":"2025-09-04T11:58:08","guid":{"rendered":"https:\/\/hiruma.eus\/pribatutasun-politika\/"},"modified":"2025-09-04T13:32:55","modified_gmt":"2025-09-04T13:32:55","slug":"politica-de-privacidad","status":"publish","type":"page","link":"https:\/\/hiruma.eus\/es\/politica-de-privacidad\/","title":{"rendered":"Pol\u00edtica de privacidad"},"content":{"rendered":"\t\t<div data-elementor-type=\"wp-page\" data-elementor-id=\"3398\" class=\"elementor elementor-3398 elementor-3387\" data-elementor-post-type=\"page\">\n\t\t\t\t<div class=\"elementor-element elementor-element-db4762b e-flex e-con-boxed e-con e-parent\" data-id=\"db4762b\" data-element_type=\"container\" data-settings=\"{&quot;background_background&quot;:&quot;slideshow&quot;,&quot;background_slideshow_gallery&quot;:[{&quot;id&quot;:2528,&quot;url&quot;:&quot;https:\\\/\\\/hiruma.eus\\\/wp-content\\\/uploads\\\/2025\\\/06\\\/Azkoitia-Floreaga.jpg&quot;},{&quot;id&quot;:2376,&quot;url&quot;:&quot;https:\\\/\\\/hiruma.eus\\\/wp-content\\\/uploads\\\/2025\\\/06\\\/ARRASATE-20.jpg&quot;},{&quot;id&quot;:2296,&quot;url&quot;:&quot;https:\\\/\\\/hiruma.eus\\\/wp-content\\\/uploads\\\/2025\\\/06\\\/PR-GI-210-1.jpg&quot;},{&quot;id&quot;:2253,&quot;url&quot;:&quot;https:\\\/\\\/hiruma.eus\\\/wp-content\\\/uploads\\\/2025\\\/06\\\/PR-GI-95.jpg&quot;},{&quot;id&quot;:1544,&quot;url&quot;:&quot;https:\\\/\\\/hiruma.eus\\\/wp-content\\\/uploads\\\/2025\\\/06\\\/Zumarraga-feria.jpg&quot;},{&quot;id&quot;:978,&quot;url&quot;:&quot;https:\\\/\\\/hiruma.eus\\\/wp-content\\\/uploads\\\/2025\\\/06\\\/Arrikrutz-2.jpg&quot;}],&quot;background_slideshow_loop&quot;:&quot;yes&quot;,&quot;background_slideshow_slide_duration&quot;:5000,&quot;background_slideshow_slide_transition&quot;:&quot;fade&quot;,&quot;background_slideshow_transition_duration&quot;:500}\">\n\t\t\t\t\t<div class=\"e-con-inner\">\n\t\t<div class=\"elementor-element elementor-element-284ba4b e-con-full e-flex e-con e-child\" data-id=\"284ba4b\" data-element_type=\"container\">\n\t\t\t\t<div class=\"elementor-element elementor-element-c865b47 elementor-widget elementor-widget-heading\" data-id=\"c865b47\" data-element_type=\"widget\" data-widget_type=\"heading.default\">\n\t\t\t\t<div class=\"elementor-widget-container\">\n\t\t\t\t\t<h2 class=\"elementor-heading-title elementor-size-default\">Pol\u00edtica de privacidad<\/h2>\t\t\t\t<\/div>\n\t\t\t\t<\/div>\n\t\t\t\t<\/div>\n\t\t\t\t\t<\/div>\n\t\t\t\t<\/div>\n\t\t<div class=\"elementor-element elementor-element-5d6b2e2 e-flex e-con-boxed e-con e-child\" data-id=\"5d6b2e2\" data-element_type=\"container\" data-settings=\"{&quot;background_background&quot;:&quot;classic&quot;}\">\n\t\t\t\t\t<div class=\"e-con-inner\">\n\t\t\t\t<div class=\"elementor-element elementor-element-0392037 elementor-widget elementor-widget-text-editor\" data-id=\"0392037\" data-element_type=\"widget\" data-widget_type=\"text-editor.default\">\n\t\t\t\t<div class=\"elementor-widget-container\">\n\t\t\t\t\t\t\t\t\t<p><strong>DEBAGOIENEKO MANKOMUNITATEA<\/strong> (Nafarroa etorbidea, 17. Arrasate 20500 NIF: P2000001D), <strong>IRAURGI LANTZEN, SA<\/strong> ( Iraurgi Berritzen) (Juan Urkijo Etorbidea 25 Azkoitia 20720 NIF: A20180485.) y <strong>UROLA GARAIKO<\/strong> <strong>GARAPENERAKO AGENTZIA S.A.U<\/strong> (Patrizio Etxeberria kalea, 3, behegaina. 20.230 LEGAZPI. NIF:. A20498457), de acuerdo a las exigencias legales impuestas por el Reglamento (UE) 2016\/679 del Parlamento Europeo y del Consejo de 27 de abril de 2016 relativo a la protecci\u00f3n de las personas f\u00edsicas en lo que respecta al tratamiento de datos personales y a la libre circulaci\u00f3n de estos datos, y en particular, en aplicaci\u00f3n del art\u00edculo 25 y del Considerando 78, se reconoce como Responsable de tratamientos de datos personales y se compromete a tratar los mismos de acuerdo a las exigencias normativas y a los riesgos asociados a su tratamiento que, con car\u00e1cter previo, se han identificado.<\/p><p>Para garantizar la adecuada gesti\u00f3n de los datos personales, todo el personal de <strong>DEBAGOIENEKO MANKOMUNITATEA, IRAURGI LANTZEN, SA Y UROLA GARAIKO GARAPENERAKO AGENTZIA S.A.U<\/strong>, que interviene en los procesos de tratamiento, conoce las pol\u00edticas de protecci\u00f3n de datos establecidas en la entidad, asegurando as\u00ed la confidencialidad, integridad, disponibilidad y resiliencia de los datos personales as\u00ed como la capacidad de restaurar de manera efectiva, y a la mayor brevedad posible, los datos personales en caso de incidente.<\/p><p>En aplicaci\u00f3n de la normativa vigente, <strong>DEBAGOIENEKO MANKOMUNITATEA, IRAURGI LANTZEN, SA Y UROLA GARAIKO GARAPENERAKO AGENTZIA S.A.U<\/strong> no est\u00e1 obligado al nombramiento de la figura del Delegado de Protecci\u00f3n de datos (DPD) puesto que los tratamientos efectuados no son referidos a datos sensibles. No obstante, para cualquier reclamaci\u00f3n, consulta y\/o sugerencia, estamos a tu disposici\u00f3n y te informamos de los siguientes aspectos:<\/p>\t\t\t\t\t\t\t\t<\/div>\n\t\t\t\t<\/div>\n\t\t\t\t<div class=\"elementor-element elementor-element-2f2db2b elementor-widget elementor-widget-heading\" data-id=\"2f2db2b\" data-element_type=\"widget\" data-widget_type=\"heading.default\">\n\t\t\t\t<div class=\"elementor-widget-container\">\n\t\t\t\t\t<h2 class=\"elementor-heading-title elementor-size-default\">1. Responsable del tratamiento de tus datos personales<\/h2>\t\t\t\t<\/div>\n\t\t\t\t<\/div>\n\t\t\t\t<div class=\"elementor-element elementor-element-fd80346 elementor-widget elementor-widget-text-editor\" data-id=\"fd80346\" data-element_type=\"widget\" data-widget_type=\"text-editor.default\">\n\t\t\t\t<div class=\"elementor-widget-container\">\n\t\t\t\t\t\t\t\t\t<p>Identificaci\u00f3n del Responsable:<\/p><p><strong>DEBAGOIENEKO MANKOMUNITATEA<\/strong> (Nafarroa etorbidea, 17. Arrasate 20500 NIF: P2000001D), <strong>IRAURGI LANTZEN, SA<\/strong> (Iraurgi Berritzen) (Juan Urkijo Etorbidea 25 Azkoitia 20720 NIF: A20180485.) y <strong>UROLA GARAIKO GARAPENERAKO AGENTZIA S.A.U<\/strong> (Patrizio Etxeberria kalea, 3, behegaina. 20.230 LEGAZPI. NIF:. A20498457)<\/p><ul><li>Direcci\u00f3n web: www.hiruma.eus<\/li><li>E-mail de contacto:Kaixo@hiruma.eus<\/li><li>Tfno. de contacto: \u00a0943 72 20 42<\/li><\/ul>\t\t\t\t\t\t\t\t<\/div>\n\t\t\t\t<\/div>\n\t\t\t\t<div class=\"elementor-element elementor-element-73b1b29 elementor-widget elementor-widget-heading\" data-id=\"73b1b29\" data-element_type=\"widget\" data-widget_type=\"heading.default\">\n\t\t\t\t<div class=\"elementor-widget-container\">\n\t\t\t\t\t<h2 class=\"elementor-heading-title elementor-size-default\">3. Legitimaci\u00f3n del tratamiento de tus datos personales<\/h2>\t\t\t\t<\/div>\n\t\t\t\t<\/div>\n\t\t\t\t<div class=\"elementor-element elementor-element-7840237 elementor-widget elementor-widget-text-editor\" data-id=\"7840237\" data-element_type=\"widget\" data-widget_type=\"text-editor.default\">\n\t\t\t\t<div class=\"elementor-widget-container\">\n\t\t\t\t\t\t\t\t\t<p>La base legal que nos legitima a tratar tus datos personales es la de tu propio consentimiento para el tratamiento. Con car\u00e1cter general, <strong>DEBAGOIENEKO MANKOMUNITATEA, IRAURGI LANTZEN, SA Y UROLA GARAIKO GARAPENERAKO AGENTZIA S.A.U<\/strong> te pide el consentimiento para la finalidad primaria (poder prestarte el servicio que nos est\u00e1s solicitando), de forma que tu negativa al consentimiento impide que te podamos dar el servicio que nos demandas. En el caso de la finalidad secundaria (poder enviarte informaci\u00f3n de tipo comercial de <strong>DEBAGOIENEKO MANKOMUNITATEA, IRAURGI LANTZEN, SA Y UROLA GARAIKO GARAPENERAKO AGENTZIA S.A.U<\/strong>) deber\u00e1s marcar expresamente que consientes de forma voluntaria con esta finalidad; en caso de no querer consentir expresamente la finalidad secundaria, <strong>DEBAGOIENEKO MANKOMUNITATEA, IRAURGI LANTZEN, SA Y UROLA GARAIKO GARAPENERAKO AGENTZIA S.A.U<\/strong> considerar\u00e1 que no est\u00e1 legitimada para enviarte informaci\u00f3n de tipo comercial actuando en consecuencia.<\/p>\t\t\t\t\t\t\t\t<\/div>\n\t\t\t\t<\/div>\n\t\t\t\t<div class=\"elementor-element elementor-element-b9cc11f elementor-widget elementor-widget-heading\" data-id=\"b9cc11f\" data-element_type=\"widget\" data-widget_type=\"heading.default\">\n\t\t\t\t<div class=\"elementor-widget-container\">\n\t\t\t\t\t<h2 class=\"elementor-heading-title elementor-size-default\">4. Destinatario de tus datos personales<\/h2>\t\t\t\t<\/div>\n\t\t\t\t<\/div>\n\t\t\t\t<div class=\"elementor-element elementor-element-ed7f5bf elementor-widget elementor-widget-text-editor\" data-id=\"ed7f5bf\" data-element_type=\"widget\" data-widget_type=\"text-editor.default\">\n\t\t\t\t<div class=\"elementor-widget-container\">\n\t\t\t\t\t\t\t\t\t<p><strong>DEBAGOIENEKO MANKOMUNITATEA, IRAURGI LANTZEN, SA Y UROLA GARAIKO GARAPENERAKO AGENTZIA S.A.U<\/strong> no tiene previsto la cesi\u00f3n de tus datos personales a terceros. En caso de que se vaya a realizar una cesi\u00f3n de este tipo se te solicitar\u00e1 previamente tu consentimiento expreso inform\u00e1ndote de los destinatarios de las cesiones o, si \u00e9stos no est\u00e1n claramente predeterminados, se te informar\u00e1 de la categor\u00eda de destinatarios.<br \/><strong>DEBAGOIENEKO MANKOMUNITATEA, IRAURGI LANTZEN, SA Y UROLA GARAIKO GARAPENERAKO AGENTZIA S.A.U<\/strong> s\u00ed podr\u00e1 contratar la prestaci\u00f3n de servicios a terceros que impliquen el acceso a tus datos personales por cuenta de un tercero, pero siempre en el \u00e1mbito de la prestaci\u00f3n de un servicio dando lugar a un encargo de tratamiento en las condiciones recogidas en los art\u00edculos 28 y 29 del Reglamento Europeo anteriormente citado. En estos casos, <strong>DEBAGOIENEKO MANKOMUNITATEA, IRAURGI LANTZEN, SA Y UROLA GARAIKO GARAPENERAKO AGENTZIA S.A.U<\/strong> regular\u00e1 el encargo de tratamiento a trav\u00e9s del correspondiente contrato marco de protecci\u00f3n de datos donde quedar\u00e1n claramente reflejados los compromisos que ambas partes adquieren en el tratamiento de tus datos personales respecto a su confidencialidad y seguridad.<\/p><p>En el caso de que el encargado de tratamiento lo realice una entidad fuera del espacio europeo, se trabajar\u00e1 con entidades que, a juicio de la Agencia Espa\u00f1ola de Protecci\u00f3n de Datos cuenten con un nivel de seguridad equiparable demostrable a trav\u00e9s de estas v\u00edas:<\/p><ul><li>La empresa prestadora del servicio est\u00e1 situada en el listado de pa\u00edses con un nivel de protecci\u00f3n equiparable al de la Uni\u00f3n Europea.<\/li><li>Est\u00e1 autorizada expresamente la transferencia internacional de datos personales por la Agencia Espa\u00f1ola de Protecci\u00f3n de Datos.<\/li><li>La empresa prestadora del servicio trabaja al amparo del acuerdo EU-US Privacy Shield.<\/li><\/ul>\t\t\t\t\t\t\t\t<\/div>\n\t\t\t\t<\/div>\n\t\t\t\t<div class=\"elementor-element elementor-element-776b835 elementor-widget elementor-widget-heading\" data-id=\"776b835\" data-element_type=\"widget\" data-widget_type=\"heading.default\">\n\t\t\t\t<div class=\"elementor-widget-container\">\n\t\t\t\t\t<h2 class=\"elementor-heading-title elementor-size-default\">5. Derechos referidos al tratamiento de tus datos personales<\/h2>\t\t\t\t<\/div>\n\t\t\t\t<\/div>\n\t\t\t\t<div class=\"elementor-element elementor-element-0b093ce elementor-widget elementor-widget-text-editor\" data-id=\"0b093ce\" data-element_type=\"widget\" data-widget_type=\"text-editor.default\">\n\t\t\t\t<div class=\"elementor-widget-container\">\n\t\t\t\t\t\t\t\t\t<p>Como titular de datos personales tratados por <strong>DEBAGOIENEKO MANKOMUNITATEA, IRAURGI LANTZEN, SA Y UROLA GARAIKO GARAPENERAKO AGENTZIA S.A.U<\/strong> , y en aplicaci\u00f3n de los art\u00edculos 15 a 21 del Reglamento Europeo anteriormente citado, puedes ejercer, en cualquier momento los derechos de acceso, rectificaci\u00f3n o supresi\u00f3n, limitaci\u00f3n al tratamiento, oposici\u00f3n y\/o portabilidad. Para ello deber\u00e1s dirigirte a <strong>DEBAGOIENEKO MANKOMUNITATEA, IRAURGI LANTZEN, SA Y UROLA GARAIKO GARAPENERAKO AGENTZIA S.A.U<\/strong> por cualquiera de las v\u00edas habituales de comunicaci\u00f3n, y especialmente, a trav\u00e9s de los datos de contacto reflejados en el punto 1 de esta Pol\u00edtica de Protecci\u00f3n de Datos solicitando el derecho deseado. Para ello deber\u00e1s identificarte previamente de forma inequ\u00edvoca garantizando ser el titular de los datos personales sobre los que quiere ejercer el derecho. <strong>DEBAGOIENEKO MANKOMUNITATEA, IRAURGI LANTZEN, SA Y UROLA GARAIKO GARAPENERAKO AGENTZIA S.A.U<\/strong> har\u00e1 efectivo el mismo a la mayor brevedad y, en todo caso, sin dilaci\u00f3n indebida. En caso de que tengas dudas sobre cu\u00e1les son tus derechos y c\u00f3mo ejercerlos, <strong>DEBAGOIENEKO MANKOMUNITATEA, IRAURGI LANTZEN, SA Y UROLA GARAIKO GARAPENERAKO AGENTZIA S.A.U<\/strong> est\u00e1 a tu disposici\u00f3n para ampliarte la informaci\u00f3n necesaria y facilitarte el ejercicio de los mismos.<\/p><p>En el caso de que consideres que tu solicitud de ejercicio de derechos no ha sido atendida adecuadamente podr\u00e1s reclamar ante la Autoridad de Control competente; para ello, te facilitamos los datos de contacto principales de la Agencia Espa\u00f1ola de Protecci\u00f3n de Datos:<\/p><ul><li>Agencia Espa\u00f1ola de Protecci\u00f3n de Datos (AEPD)<\/li><li>C\/ Jorge Juan, 6 28001 Madrid<\/li><li>www.agpd.es<\/li><li>Tel\u00e9fonos de contacto: 901 100 099 \u2013 912 663 517<\/li><\/ul>\t\t\t\t\t\t\t\t<\/div>\n\t\t\t\t<\/div>\n\t\t\t\t<div class=\"elementor-element elementor-element-36891b9 elementor-widget elementor-widget-heading\" data-id=\"36891b9\" data-element_type=\"widget\" data-widget_type=\"heading.default\">\n\t\t\t\t<div class=\"elementor-widget-container\">\n\t\t\t\t\t<h2 class=\"elementor-heading-title elementor-size-default\">6. Procedencia de los datos<\/h2>\t\t\t\t<\/div>\n\t\t\t\t<\/div>\n\t\t\t\t<div class=\"elementor-element elementor-element-00d2a7f elementor-widget elementor-widget-text-editor\" data-id=\"00d2a7f\" data-element_type=\"widget\" data-widget_type=\"text-editor.default\">\n\t\t\t\t<div class=\"elementor-widget-container\">\n\t\t\t\t\t\t\t\t\t<p>El origen de los datos personales tratados por <strong>DEBAGOIENEKO MANKOMUNITATEA, IRAURGI LANTZEN, SA Y UROLA GARAIKO GARAPENERAKO AGENTZIA S.A.U<\/strong>, ser\u00e1 el propio titular de los datos o su representante legal o la persona o personas que el titular autorice expresamente. Las categor\u00edas de datos tratadas corresponder\u00e1n siempre a datos de car\u00e1cter identificativo, econ\u00f3mico, de informaci\u00f3n comercial, acad\u00e9micos y profesionales, y en general, cualquier tipo de dato personal que no sea considerado como datos especialmente protegidos.<\/p>\t\t\t\t\t\t\t\t<\/div>\n\t\t\t\t<\/div>\n\t\t\t\t\t<\/div>\n\t\t\t\t<\/div>\n\t\t<div class=\"elementor-element elementor-element-58a659b e-con-full e-flex e-con e-parent\" data-id=\"58a659b\" data-element_type=\"container\">\n\t\t<a class=\"elementor-element elementor-element-09d4d85 e-con-full e-flex e-con e-child\" data-id=\"09d4d85\" data-element_type=\"container\" data-settings=\"{&quot;background_background&quot;:&quot;classic&quot;}\" href=\"https:\/\/hiruma.eus\/es\/natura\/\">\n\t\t\t\t<div class=\"elementor-element elementor-element-520e160 elementor-widget elementor-widget-heading\" data-id=\"520e160\" data-element_type=\"widget\" data-widget_type=\"heading.default\">\n\t\t\t\t<div class=\"elementor-widget-container\">\n\t\t\t\t\t<h2 class=\"elementor-heading-title elementor-size-default\">NATURALEZA<\/h2>\t\t\t\t<\/div>\n\t\t\t\t<\/div>\n\t\t\t\t<\/a>\n\t\t<a class=\"elementor-element elementor-element-b276e3d e-con-full e-flex e-con e-child\" data-id=\"b276e3d\" data-element_type=\"container\" data-settings=\"{&quot;background_background&quot;:&quot;classic&quot;}\" href=\"https:\/\/hiruma.eus\/es\/producto-local\/\">\n\t\t\t\t<div class=\"elementor-element elementor-element-0004d7c elementor-widget elementor-widget-heading\" data-id=\"0004d7c\" data-element_type=\"widget\" data-widget_type=\"heading.default\">\n\t\t\t\t<div class=\"elementor-widget-container\">\n\t\t\t\t\t<h2 class=\"elementor-heading-title elementor-size-default\">PRODUCTO LOCAL<\/h2>\t\t\t\t<\/div>\n\t\t\t\t<\/div>\n\t\t\t\t<\/a>\n\t\t<a class=\"elementor-element elementor-element-35c72f0 e-con-full e-flex e-con e-child\" data-id=\"35c72f0\" data-element_type=\"container\" data-settings=\"{&quot;background_background&quot;:&quot;classic&quot;}\" href=\"https:\/\/hiruma.eus\/es\/patrimonio\/\">\n\t\t\t\t<div class=\"elementor-element elementor-element-a6dedf2 elementor-widget elementor-widget-heading\" data-id=\"a6dedf2\" data-element_type=\"widget\" data-widget_type=\"heading.default\">\n\t\t\t\t<div class=\"elementor-widget-container\">\n\t\t\t\t\t<h2 class=\"elementor-heading-title elementor-size-default\">PATRIMONIO<\/h2>\t\t\t\t<\/div>\n\t\t\t\t<\/div>\n\t\t\t\t<\/a>\n\t\t\t\t<\/div>\n\t\t<div class=\"elementor-element elementor-element-2085c06 e-con-full e-flex e-con e-parent\" data-id=\"2085c06\" data-element_type=\"container\">\n\t\t<a class=\"elementor-element elementor-element-a370b46 e-con-full e-flex e-con e-child\" data-id=\"a370b46\" data-element_type=\"container\" data-settings=\"{&quot;background_background&quot;:&quot;slideshow&quot;,&quot;background_slideshow_gallery&quot;:[{&quot;id&quot;:2339,&quot;url&quot;:&quot;https:\\\/\\\/hiruma.eus\\\/wp-content\\\/uploads\\\/2025\\\/06\\\/onati-2.jpg&quot;},{&quot;id&quot;:2278,&quot;url&quot;:&quot;https:\\\/\\\/hiruma.eus\\\/wp-content\\\/uploads\\\/2025\\\/06\\\/PR-GI-106.jpg&quot;},{&quot;id&quot;:2417,&quot;url&quot;:&quot;https:\\\/\\\/hiruma.eus\\\/wp-content\\\/uploads\\\/2025\\\/06\\\/PR-Gi-205.jpg&quot;},{&quot;id&quot;:2207,&quot;url&quot;:&quot;https:\\\/\\\/hiruma.eus\\\/wp-content\\\/uploads\\\/2025\\\/06\\\/Arantzazu-5.jpg&quot;},{&quot;id&quot;:1367,&quot;url&quot;:&quot;https:\\\/\\\/hiruma.eus\\\/wp-content\\\/uploads\\\/2025\\\/06\\\/Igartubeiti-6.jpg&quot;},{&quot;id&quot;:1227,&quot;url&quot;:&quot;https:\\\/\\\/hiruma.eus\\\/wp-content\\\/uploads\\\/2025\\\/06\\\/Arrikrutz.jpg&quot;},{&quot;id&quot;:1238,&quot;url&quot;:&quot;https:\\\/\\\/hiruma.eus\\\/wp-content\\\/uploads\\\/2025\\\/06\\\/Ekainberri.jpg&quot;},{&quot;id&quot;:1075,&quot;url&quot;:&quot;https:\\\/\\\/hiruma.eus\\\/wp-content\\\/uploads\\\/2025\\\/06\\\/Via-Verde-9.jpg&quot;},{&quot;id&quot;:1921,&quot;url&quot;:&quot;https:\\\/\\\/hiruma.eus\\\/wp-content\\\/uploads\\\/2025\\\/06\\\/Mirandaola-1.jpg&quot;}],&quot;background_slideshow_slide_duration&quot;:3500,&quot;background_slideshow_transition_duration&quot;:1000,&quot;background_slideshow_loop&quot;:&quot;yes&quot;,&quot;background_slideshow_slide_transition&quot;:&quot;fade&quot;}\" href=\"https:\/\/hiruma.eus\/es\/planes\/\">\n\t\t\t\t<div class=\"elementor-element elementor-element-2e07fd5 elementor-widget elementor-widget-heading\" data-id=\"2e07fd5\" data-element_type=\"widget\" data-widget_type=\"heading.default\">\n\t\t\t\t<div class=\"elementor-widget-container\">\n\t\t\t\t\t<h2 class=\"elementor-heading-title elementor-size-default\">PLANES<\/h2>\t\t\t\t<\/div>\n\t\t\t\t<\/div>\n\t\t\t\t<\/a>\n\t\t\t\t<\/div>\n\t\t\t\t<\/div>\n\t\t","protected":false},"excerpt":{"rendered":"<p>Pol\u00edtica de privacidad DEBAGOIENEKO MANKOMUNITATEA (Nafarroa etorbidea, 17. Arrasate 20500 NIF: P2000001D), IRAURGI LANTZEN, SA ( Iraurgi Berritzen) (Juan Urkijo Etorbidea 25 Azkoitia 20720 NIF: A20180485.)<span class=\"excerpt-hellip\"> [\u2026]<\/span><\/p>\n","protected":false},"author":1,"featured_media":0,"parent":0,"menu_order":0,"comment_status":"closed","ping_status":"closed","template":"elementor_header_footer","meta":{"footnotes":""},"class_list":["post-3398","page","type-page","status-publish","hentry"],"yoast_head":"<!-- This site is optimized with the Yoast SEO plugin v26.6 - https:\/\/yoast.com\/wordpress\/plugins\/seo\/ -->\n<title>Pol\u00edtica de privacidad - Hiruma<\/title>\n<meta name=\"robots\" content=\"index, follow, max-snippet:-1, max-image-preview:large, max-video-preview:-1\" \/>\n<link rel=\"canonical\" href=\"https:\/\/hiruma.eus\/es\/politica-de-privacidad\/\" \/>\n<meta property=\"og:locale\" content=\"es_ES\" \/>\n<meta property=\"og:type\" content=\"article\" \/>\n<meta property=\"og:title\" content=\"Pol\u00edtica de privacidad - Hiruma\" \/>\n<meta property=\"og:description\" content=\"Pol\u00edtica de privacidad DEBAGOIENEKO MANKOMUNITATEA (Nafarroa etorbidea, 17. Arrasate 20500 NIF: P2000001D), IRAURGI LANTZEN, SA ( Iraurgi Berritzen) (Juan Urkijo Etorbidea 25 Azkoitia 20720 NIF: A20180485.) [\u2026]\" \/>\n<meta property=\"og:url\" content=\"https:\/\/hiruma.eus\/es\/politica-de-privacidad\/\" \/>\n<meta property=\"og:site_name\" content=\"Hiruma\" \/>\n<meta property=\"article:modified_time\" content=\"2025-09-04T13:32:55+00:00\" \/>\n<meta name=\"twitter:card\" content=\"summary_large_image\" \/>\n<meta name=\"twitter:label1\" content=\"Tiempo de lectura\" \/>\n\t<meta name=\"twitter:data1\" content=\"6 minutos\" \/>\n<script type=\"application\/ld+json\" class=\"yoast-schema-graph\">{\"@context\":\"https:\/\/schema.org\",\"@graph\":[{\"@type\":\"WebPage\",\"@id\":\"https:\/\/hiruma.eus\/es\/politica-de-privacidad\/\",\"url\":\"https:\/\/hiruma.eus\/es\/politica-de-privacidad\/\",\"name\":\"Pol\u00edtica de privacidad - Hiruma\",\"isPartOf\":{\"@id\":\"https:\/\/hiruma.eus\/es\/#website\"},\"datePublished\":\"2025-09-04T11:58:08+00:00\",\"dateModified\":\"2025-09-04T13:32:55+00:00\",\"breadcrumb\":{\"@id\":\"https:\/\/hiruma.eus\/es\/politica-de-privacidad\/#breadcrumb\"},\"inLanguage\":\"es\",\"potentialAction\":[{\"@type\":\"ReadAction\",\"target\":[\"https:\/\/hiruma.eus\/es\/politica-de-privacidad\/\"]}]},{\"@type\":\"BreadcrumbList\",\"@id\":\"https:\/\/hiruma.eus\/es\/politica-de-privacidad\/#breadcrumb\",\"itemListElement\":[{\"@type\":\"ListItem\",\"position\":1,\"name\":\"Home\",\"item\":\"https:\/\/hiruma.eus\/fr\/\"},{\"@type\":\"ListItem\",\"position\":2,\"name\":\"Pol\u00edtica de privacidad\"}]},{\"@type\":\"WebSite\",\"@id\":\"https:\/\/hiruma.eus\/es\/#website\",\"url\":\"https:\/\/hiruma.eus\/es\/\",\"name\":\"Hiruma\",\"description\":\"Euskadiren Arimara Bidaia\",\"publisher\":{\"@id\":\"https:\/\/hiruma.eus\/es\/#organization\"},\"potentialAction\":[{\"@type\":\"SearchAction\",\"target\":{\"@type\":\"EntryPoint\",\"urlTemplate\":\"https:\/\/hiruma.eus\/es\/?s={search_term_string}\"},\"query-input\":{\"@type\":\"PropertyValueSpecification\",\"valueRequired\":true,\"valueName\":\"search_term_string\"}}],\"inLanguage\":\"es\"},{\"@type\":\"Organization\",\"@id\":\"https:\/\/hiruma.eus\/es\/#organization\",\"name\":\"Hiruma\",\"url\":\"https:\/\/hiruma.eus\/es\/\",\"logo\":{\"@type\":\"ImageObject\",\"inLanguage\":\"es\",\"@id\":\"https:\/\/hiruma.eus\/es\/#\/schema\/logo\/image\/\",\"url\":\"https:\/\/hiruma.eus\/wp-content\/uploads\/2025\/05\/Hiruma-color-eus.png\",\"contentUrl\":\"https:\/\/hiruma.eus\/wp-content\/uploads\/2025\/05\/Hiruma-color-eus.png\",\"width\":685,\"height\":234,\"caption\":\"Hiruma\"},\"image\":{\"@id\":\"https:\/\/hiruma.eus\/es\/#\/schema\/logo\/image\/\"},\"sameAs\":[\"https:\/\/www.instagram.com\/hiruma_euskadi\/\",\"https:\/\/www.youtube.com\/@HIRUMAEUSKADI\"]}]}<\/script>\n<!-- \/ Yoast SEO plugin. -->","yoast_head_json":{"title":"Pol\u00edtica de privacidad - Hiruma","robots":{"index":"index","follow":"follow","max-snippet":"max-snippet:-1","max-image-preview":"max-image-preview:large","max-video-preview":"max-video-preview:-1"},"canonical":"https:\/\/hiruma.eus\/es\/politica-de-privacidad\/","og_locale":"es_ES","og_type":"article","og_title":"Pol\u00edtica de privacidad - Hiruma","og_description":"Pol\u00edtica de privacidad DEBAGOIENEKO MANKOMUNITATEA (Nafarroa etorbidea, 17. Arrasate 20500 NIF: P2000001D), IRAURGI LANTZEN, SA ( Iraurgi Berritzen) (Juan Urkijo Etorbidea 25 Azkoitia 20720 NIF: A20180485.) [\u2026]","og_url":"https:\/\/hiruma.eus\/es\/politica-de-privacidad\/","og_site_name":"Hiruma","article_modified_time":"2025-09-04T13:32:55+00:00","twitter_card":"summary_large_image","twitter_misc":{"Tiempo de lectura":"6 minutos"},"schema":{"@context":"https:\/\/schema.org","@graph":[{"@type":"WebPage","@id":"https:\/\/hiruma.eus\/es\/politica-de-privacidad\/","url":"https:\/\/hiruma.eus\/es\/politica-de-privacidad\/","name":"Pol\u00edtica de privacidad - Hiruma","isPartOf":{"@id":"https:\/\/hiruma.eus\/es\/#website"},"datePublished":"2025-09-04T11:58:08+00:00","dateModified":"2025-09-04T13:32:55+00:00","breadcrumb":{"@id":"https:\/\/hiruma.eus\/es\/politica-de-privacidad\/#breadcrumb"},"inLanguage":"es","potentialAction":[{"@type":"ReadAction","target":["https:\/\/hiruma.eus\/es\/politica-de-privacidad\/"]}]},{"@type":"BreadcrumbList","@id":"https:\/\/hiruma.eus\/es\/politica-de-privacidad\/#breadcrumb","itemListElement":[{"@type":"ListItem","position":1,"name":"Home","item":"https:\/\/hiruma.eus\/fr\/"},{"@type":"ListItem","position":2,"name":"Pol\u00edtica de privacidad"}]},{"@type":"WebSite","@id":"https:\/\/hiruma.eus\/es\/#website","url":"https:\/\/hiruma.eus\/es\/","name":"Hiruma","description":"Euskadiren Arimara Bidaia","publisher":{"@id":"https:\/\/hiruma.eus\/es\/#organization"},"potentialAction":[{"@type":"SearchAction","target":{"@type":"EntryPoint","urlTemplate":"https:\/\/hiruma.eus\/es\/?s={search_term_string}"},"query-input":{"@type":"PropertyValueSpecification","valueRequired":true,"valueName":"search_term_string"}}],"inLanguage":"es"},{"@type":"Organization","@id":"https:\/\/hiruma.eus\/es\/#organization","name":"Hiruma","url":"https:\/\/hiruma.eus\/es\/","logo":{"@type":"ImageObject","inLanguage":"es","@id":"https:\/\/hiruma.eus\/es\/#\/schema\/logo\/image\/","url":"https:\/\/hiruma.eus\/wp-content\/uploads\/2025\/05\/Hiruma-color-eus.png","contentUrl":"https:\/\/hiruma.eus\/wp-content\/uploads\/2025\/05\/Hiruma-color-eus.png","width":685,"height":234,"caption":"Hiruma"},"image":{"@id":"https:\/\/hiruma.eus\/es\/#\/schema\/logo\/image\/"},"sameAs":["https:\/\/www.instagram.com\/hiruma_euskadi\/","https:\/\/www.youtube.com\/@HIRUMAEUSKADI"]}]}},"_links":{"self":[{"href":"https:\/\/hiruma.eus\/es\/wp-json\/wp\/v2\/pages\/3398","targetHints":{"allow":["GET"]}}],"collection":[{"href":"https:\/\/hiruma.eus\/es\/wp-json\/wp\/v2\/pages"}],"about":[{"href":"https:\/\/hiruma.eus\/es\/wp-json\/wp\/v2\/types\/page"}],"author":[{"embeddable":true,"href":"https:\/\/hiruma.eus\/es\/wp-json\/wp\/v2\/users\/1"}],"replies":[{"embeddable":true,"href":"https:\/\/hiruma.eus\/es\/wp-json\/wp\/v2\/comments?post=3398"}],"version-history":[{"count":4,"href":"https:\/\/hiruma.eus\/es\/wp-json\/wp\/v2\/pages\/3398\/revisions"}],"predecessor-version":[{"id":3405,"href":"https:\/\/hiruma.eus\/es\/wp-json\/wp\/v2\/pages\/3398\/revisions\/3405"}],"wp:attachment":[{"href":"https:\/\/hiruma.eus\/es\/wp-json\/wp\/v2\/media?parent=3398"}],"curies":[{"name":"wp","href":"https:\/\/api.w.org\/{rel}","templated":true}]}}